{"id":10,"date":"2024-10-31T22:21:12","date_gmt":"2024-10-31T21:21:12","guid":{"rendered":"https:\/\/solutionpro68.fr\/?page_id=10"},"modified":"2025-08-31T00:22:30","modified_gmt":"2025-08-30T22:22:30","slug":"solutionpro68","status":"publish","type":"page","link":"https:\/\/solutionpro68.fr\/?page_id=10","title":{"rendered":"Contact"},"content":{"rendered":"\n<div class=\"wp-block-group\"><div class=\"wp-block-group__inner-container is-layout-constrained wp-block-group-is-layout-constrained\">\n<div class=\"wp-block-columns are-vertically-aligned-top is-layout-flex wp-container-core-columns-is-layout-53642b31 wp-block-columns-is-layout-flex\" style=\"padding-top:0;padding-right:0;padding-bottom:0;padding-left:0\">\n<div class=\"wp-block-column is-vertically-aligned-top has-small-font-size is-layout-flow wp-block-column-is-layout-flow\" style=\"padding-right:7%;flex-basis:50%\"><\/div>\n\n\n\n<div class=\"wp-block-column is-vertically-aligned-top is-layout-flow wp-block-column-is-layout-flow\" style=\"flex-basis:50%\"><\/div>\n<\/div>\n<\/div><\/div>\n\n\n\n<div class=\"wp-block-group alignfull\"><div class=\"wp-block-group__inner-container is-layout-constrained wp-block-group-is-layout-constrained\">\n<div class=\"wp-block-columns alignfull are-vertically-aligned-center has-light-background-background-color has-background is-layout-flex wp-container-core-columns-is-layout-b78f7b3c wp-block-columns-is-layout-flex\" style=\"padding-top:0;padding-right:0;padding-bottom:0;padding-left:0\">\n<div class=\"wp-block-column is-vertically-aligned-center map-grayscale is-layout-flow wp-block-column-is-layout-flow\" style=\"flex-basis:50%\">\n<figure class=\"wp-block-image size-large\"><img loading=\"lazy\" decoding=\"async\" width=\"1024\" height=\"762\" src=\"https:\/\/solutionpro68.fr\/wp-content\/uploads\/2025\/08\/Capture-decran-2025-08-27-a-20.59.25-1024x762.png\" alt=\"\" class=\"wp-image-49\" srcset=\"https:\/\/solutionpro68.fr\/wp-content\/uploads\/2025\/08\/Capture-decran-2025-08-27-a-20.59.25-1024x762.png 1024w, https:\/\/solutionpro68.fr\/wp-content\/uploads\/2025\/08\/Capture-decran-2025-08-27-a-20.59.25-300x223.png 300w, https:\/\/solutionpro68.fr\/wp-content\/uploads\/2025\/08\/Capture-decran-2025-08-27-a-20.59.25-768x572.png 768w, https:\/\/solutionpro68.fr\/wp-content\/uploads\/2025\/08\/Capture-decran-2025-08-27-a-20.59.25.png 1354w\" sizes=\"auto, (max-width: 1024px) 100vw, 1024px\" \/><\/figure>\n<\/div>\n\n\n\n<div class=\"wp-block-column is-vertically-aligned-center is-layout-flow wp-block-column-is-layout-flow\" style=\"padding-top:var(--wp--preset--spacing--small);padding-right:var(--wp--preset--spacing--small);padding-bottom:var(--wp--preset--spacing--small);padding-left:2%;flex-basis:50%\">\n<h3 class=\"wp-block-heading has-large-font-size\">Solutionpro 68<\/h3>\n\n\n\n<p><\/p>\n\n\n\n<h3 class=\"wp-block-heading\"><strong>Address<\/strong>e<\/h3>\n\n\n\n<p id=\"contact\" style=\"font-size:25px\">7, rue des alouettes 68500 Berrwiller<\/p>\n\n\n\n<h3 class=\"wp-block-heading\"><strong>Email<\/strong><\/h3>\n\n\n\n<p style=\"font-size:25px\">contact@solutionpro68.fr<\/p>\n\n\n\n<h3 class=\"wp-block-heading\"><strong>Tel<\/strong><\/h3>\n\n\n\n<p style=\"font-size:25px\">0033676281051<\/p>\n<\/div>\n<\/div>\n<\/div><\/div>\n\n\n\n<div class=\"wp-block-group alignfull has-background\" style=\"background-color:#f9f9f9\"><div class=\"wp-block-group__inner-container is-layout-constrained wp-block-group-is-layout-constrained\"><\/div><\/div>\n\n\n\n<p><\/p>\n\n\n<style id=\"wpforms-css-vars-74-block-7945637a-40ed-46c8-9a42-3f405d169845\">\n\t\t\t\t#wpforms-74.wpforms-block-7945637a-40ed-46c8-9a42-3f405d169845 {\n\t\t\t\t--wpforms-field-size-input-height: 43px;\n--wpforms-field-size-input-spacing: 15px;\n--wpforms-field-size-font-size: 16px;\n--wpforms-field-size-line-height: 19px;\n--wpforms-field-size-padding-h: 14px;\n--wpforms-field-size-checkbox-size: 16px;\n--wpforms-field-size-sublabel-spacing: 5px;\n--wpforms-field-size-icon-size: 1;\n--wpforms-label-size-font-size: 16px;\n--wpforms-label-size-line-height: 19px;\n--wpforms-label-size-sublabel-font-size: 14px;\n--wpforms-label-size-sublabel-line-height: 17px;\n--wpforms-button-size-font-size: 17px;\n--wpforms-button-size-height: 41px;\n--wpforms-button-size-padding-h: 15px;\n--wpforms-button-size-margin-top: 10px;\n\n\t\t\t}\n\t\t\t<\/style><div class=\"wpforms-container wpforms-container-full wpforms-block wpforms-block-7945637a-40ed-46c8-9a42-3f405d169845 wpforms-render-modern\" id=\"wpforms-74\"><form id=\"wpforms-form-74\" class=\"wpforms-validate wpforms-form\" data-formid=\"74\" method=\"post\" enctype=\"multipart\/form-data\" action=\"\/index.php?rest_route=%2Fwp%2Fv2%2Fpages%2F10\" data-token=\"7b7127427d0a355f458513c07f4238ff\" data-token-time=\"1776347519\"><noscript class=\"wpforms-error-noscript\">Veuillez activer JavaScript dans votre navigateur pour remplir ce formulaire.<\/noscript><div id=\"wpforms-error-noscript\" style=\"display: none;\">Veuillez activer JavaScript dans votre navigateur pour remplir ce formulaire.<\/div><div class=\"wpforms-field-container\"><div id=\"wpforms-74-field_1-container\" class=\"wpforms-field wpforms-field-name\" data-field-id=\"1\"><label class=\"wpforms-field-label\" for=\"wpforms-74-field_1\">Nom et Pr\u00e9nom <span class=\"wpforms-required-label\" aria-hidden=\"true\">*<\/span><\/label><input type=\"text\" id=\"wpforms-74-field_1\" class=\"wpforms-field-medium wpforms-field-required\" name=\"wpforms[fields][1]\" aria-errormessage=\"wpforms-74-field_1-error\" required><\/div><div id=\"wpforms-74-field_2-container\" class=\"wpforms-field wpforms-field-email\" data-field-id=\"2\"><label class=\"wpforms-field-label\" for=\"wpforms-74-field_2\">Adresse mail <span class=\"wpforms-required-label\" aria-hidden=\"true\">*<\/span><\/label><input type=\"email\" id=\"wpforms-74-field_2\" class=\"wpforms-field-medium wpforms-field-required\" name=\"wpforms[fields][2]\" spellcheck=\"false\" aria-errormessage=\"wpforms-74-field_2-error\" required><\/div>\t\t<div id=\"wpforms-74-field_3-container\"\n\t\t\tclass=\"wpforms-field wpforms-field-text\"\n\t\t\tdata-field-type=\"text\"\n\t\t\tdata-field-id=\"3\"\n\t\t\t>\n\t\t\t<label class=\"wpforms-field-label\" for=\"wpforms-74-field_3\" >Message Nom T\u00e9l\u00e9phone<\/label>\n\t\t\t<input type=\"text\" id=\"wpforms-74-field_3\" class=\"wpforms-field-medium\" name=\"wpforms[fields][3]\" >\n\t\t<\/div>\n\t\t<div id=\"wpforms-74-field_5-container\" class=\"wpforms-field wpforms-field-text\" data-field-id=\"5\"><label class=\"wpforms-field-label\" for=\"wpforms-74-field_5\">T\u00e9l\u00e9phone <span class=\"wpforms-required-label\" aria-hidden=\"true\">*<\/span><\/label><input type=\"text\" id=\"wpforms-74-field_5\" class=\"wpforms-field-medium wpforms-field-required\" name=\"wpforms[fields][5]\" aria-errormessage=\"wpforms-74-field_5-error\" required><\/div><div id=\"wpforms-74-field_4-container\" class=\"wpforms-field wpforms-field-textarea\" data-field-id=\"4\"><label class=\"wpforms-field-label\" for=\"wpforms-74-field_4\">Message<\/label><textarea id=\"wpforms-74-field_4\" class=\"wpforms-field-medium\" name=\"wpforms[fields][4]\" aria-errormessage=\"wpforms-74-field_4-error\" ><\/textarea><\/div><script>\n\t\t\t\t( function() {\n\t\t\t\t\tconst style = document.createElement( 'style' );\n\t\t\t\t\tstyle.appendChild( document.createTextNode( '#wpforms-74-field_3-container { position: absolute !important; overflow: hidden !important; display: inline !important; height: 1px !important; width: 1px !important; z-index: -1000 !important; padding: 0 !important; } #wpforms-74-field_3-container input { visibility: hidden; } #wpforms-conversational-form-page #wpforms-74-field_3-container label { counter-increment: none; }' ) );\n\t\t\t\t\tdocument.head.appendChild( style );\n\t\t\t\t\tdocument.currentScript?.remove();\n\t\t\t\t} )();\n\t\t\t<\/script><\/div><!-- .wpforms-field-container --><div class=\"wpforms-recaptcha-container wpforms-is-recaptcha wpforms-is-recaptcha-type-v3\" ><input type=\"hidden\" name=\"wpforms[recaptcha]\" value=\"\"><\/div><div class=\"wpforms-submit-container\" ><input type=\"hidden\" name=\"wpforms[id]\" value=\"74\"><input type=\"hidden\" name=\"page_title\" value=\"\"><input type=\"hidden\" name=\"page_url\" value=\"https:\/\/solutionpro68.fr\/index.php?rest_route=\/wp\/v2\/pages\/10\"><input type=\"hidden\" name=\"url_referer\" value=\"\"><button type=\"submit\" name=\"wpforms[submit]\" id=\"wpforms-submit-74\" class=\"wpforms-submit\" data-alt-text=\"Envoi...\" data-submit-text=\"C&#039; est parti !\" aria-live=\"assertive\" value=\"wpforms-submit\">C&#039; est parti !<\/button><\/div><\/form><\/div>  <!-- .wpforms-container -->","protected":false},"excerpt":{"rendered":"<p>Solutionpro 68 Addresse 7, rue des alouettes 68500 Berrwiller Email contact@solutionpro68.fr Tel 0033676281051<\/p>\n","protected":false},"author":1,"featured_media":0,"parent":0,"menu_order":0,"comment_status":"closed","ping_status":"closed","template":"","meta":{"footnotes":""},"class_list":["post-10","page","type-page","status-publish","hentry"],"yoast_head":"<!-- This site is optimized with the Yoast SEO plugin v25.8 - https:\/\/yoast.com\/wordpress\/plugins\/seo\/ -->\n<title>Contact - Solution PRO 68<\/title>\n<meta name=\"description\" content=\"Contactez Solution PRO 68 pour un devis gratuit et rapide dans le Haut-Rhin. Nos experts en r\u00e9novation et d\u00e9pannage sont \u00e0 votre \u00e9coute.\" \/>\n<meta name=\"robots\" content=\"index, follow, max-snippet:-1, max-image-preview:large, max-video-preview:-1\" \/>\n<link rel=\"canonical\" href=\"https:\/\/solutionpro68.fr\/?page_id=10\" \/>\n<meta property=\"og:locale\" content=\"fr_FR\" \/>\n<meta property=\"og:type\" content=\"article\" \/>\n<meta property=\"og:title\" content=\"Contact - Solution PRO 68\" \/>\n<meta property=\"og:description\" content=\"Contactez Solution PRO 68 pour un devis gratuit et rapide dans le Haut-Rhin. Nos experts en r\u00e9novation et d\u00e9pannage sont \u00e0 votre \u00e9coute.\" \/>\n<meta property=\"og:url\" content=\"https:\/\/solutionpro68.fr\/?page_id=10\" \/>\n<meta property=\"og:site_name\" content=\"Solution PRO 68\" \/>\n<meta property=\"article:modified_time\" content=\"2025-08-30T22:22:30+00:00\" \/>\n<meta property=\"og:image\" content=\"https:\/\/solutionpro68.fr\/wp-content\/uploads\/2025\/08\/Capture-decran-2025-08-27-a-20.59.25.png\" \/>\n\t<meta property=\"og:image:width\" content=\"1354\" \/>\n\t<meta property=\"og:image:height\" content=\"1008\" \/>\n\t<meta property=\"og:image:type\" content=\"image\/png\" \/>\n<meta name=\"twitter:card\" content=\"summary_large_image\" \/>\n<meta name=\"twitter:label1\" content=\"Dur\u00e9e de lecture estim\u00e9e\" \/>\n\t<meta name=\"twitter:data1\" content=\"1 minute\" \/>\n<script type=\"application\/ld+json\" class=\"yoast-schema-graph\">{\"@context\":\"https:\/\/schema.org\",\"@graph\":[{\"@type\":\"WebPage\",\"@id\":\"https:\/\/solutionpro68.fr\/?page_id=10\",\"url\":\"https:\/\/solutionpro68.fr\/?page_id=10\",\"name\":\"Contact - Solution PRO 68\",\"isPartOf\":{\"@id\":\"https:\/\/solutionpro68.fr\/#website\"},\"primaryImageOfPage\":{\"@id\":\"https:\/\/solutionpro68.fr\/?page_id=10#primaryimage\"},\"image\":{\"@id\":\"https:\/\/solutionpro68.fr\/?page_id=10#primaryimage\"},\"thumbnailUrl\":\"https:\/\/solutionpro68.fr\/wp-content\/uploads\/2025\/08\/Capture-decran-2025-08-27-a-20.59.25-1024x762.png\",\"datePublished\":\"2024-10-31T21:21:12+00:00\",\"dateModified\":\"2025-08-30T22:22:30+00:00\",\"description\":\"Contactez Solution PRO 68 pour un devis gratuit et rapide dans le Haut-Rhin. Nos experts en r\u00e9novation et d\u00e9pannage sont \u00e0 votre \u00e9coute.\",\"breadcrumb\":{\"@id\":\"https:\/\/solutionpro68.fr\/?page_id=10#breadcrumb\"},\"inLanguage\":\"fr-FR\",\"potentialAction\":[{\"@type\":\"ReadAction\",\"target\":[\"https:\/\/solutionpro68.fr\/?page_id=10\"]}]},{\"@type\":\"ImageObject\",\"inLanguage\":\"fr-FR\",\"@id\":\"https:\/\/solutionpro68.fr\/?page_id=10#primaryimage\",\"url\":\"https:\/\/solutionpro68.fr\/wp-content\/uploads\/2025\/08\/Capture-decran-2025-08-27-a-20.59.25.png\",\"contentUrl\":\"https:\/\/solutionpro68.fr\/wp-content\/uploads\/2025\/08\/Capture-decran-2025-08-27-a-20.59.25.png\",\"width\":1354,\"height\":1008},{\"@type\":\"BreadcrumbList\",\"@id\":\"https:\/\/solutionpro68.fr\/?page_id=10#breadcrumb\",\"itemListElement\":[{\"@type\":\"ListItem\",\"position\":1,\"name\":\"Accueil\",\"item\":\"https:\/\/solutionpro68.fr\/\"},{\"@type\":\"ListItem\",\"position\":2,\"name\":\"Contact\"}]},{\"@type\":\"WebSite\",\"@id\":\"https:\/\/solutionpro68.fr\/#website\",\"url\":\"https:\/\/solutionpro68.fr\/\",\"name\":\"Solution PRO 68\",\"description\":\"A chaque id\u00e9e sa solution\",\"potentialAction\":[{\"@type\":\"SearchAction\",\"target\":{\"@type\":\"EntryPoint\",\"urlTemplate\":\"https:\/\/solutionpro68.fr\/?s={search_term_string}\"},\"query-input\":{\"@type\":\"PropertyValueSpecification\",\"valueRequired\":true,\"valueName\":\"search_term_string\"}}],\"inLanguage\":\"fr-FR\"}]}<\/script>\n<!-- \/ Yoast SEO plugin. -->","yoast_head_json":{"title":"Contact - Solution PRO 68","description":"Contactez Solution PRO 68 pour un devis gratuit et rapide dans le Haut-Rhin. Nos experts en r\u00e9novation et d\u00e9pannage sont \u00e0 votre \u00e9coute.","robots":{"index":"index","follow":"follow","max-snippet":"max-snippet:-1","max-image-preview":"max-image-preview:large","max-video-preview":"max-video-preview:-1"},"canonical":"https:\/\/solutionpro68.fr\/?page_id=10","og_locale":"fr_FR","og_type":"article","og_title":"Contact - Solution PRO 68","og_description":"Contactez Solution PRO 68 pour un devis gratuit et rapide dans le Haut-Rhin. Nos experts en r\u00e9novation et d\u00e9pannage sont \u00e0 votre \u00e9coute.","og_url":"https:\/\/solutionpro68.fr\/?page_id=10","og_site_name":"Solution PRO 68","article_modified_time":"2025-08-30T22:22:30+00:00","og_image":[{"width":1354,"height":1008,"url":"https:\/\/solutionpro68.fr\/wp-content\/uploads\/2025\/08\/Capture-decran-2025-08-27-a-20.59.25.png","type":"image\/png"}],"twitter_card":"summary_large_image","twitter_misc":{"Dur\u00e9e de lecture estim\u00e9e":"1 minute"},"schema":{"@context":"https:\/\/schema.org","@graph":[{"@type":"WebPage","@id":"https:\/\/solutionpro68.fr\/?page_id=10","url":"https:\/\/solutionpro68.fr\/?page_id=10","name":"Contact - Solution PRO 68","isPartOf":{"@id":"https:\/\/solutionpro68.fr\/#website"},"primaryImageOfPage":{"@id":"https:\/\/solutionpro68.fr\/?page_id=10#primaryimage"},"image":{"@id":"https:\/\/solutionpro68.fr\/?page_id=10#primaryimage"},"thumbnailUrl":"https:\/\/solutionpro68.fr\/wp-content\/uploads\/2025\/08\/Capture-decran-2025-08-27-a-20.59.25-1024x762.png","datePublished":"2024-10-31T21:21:12+00:00","dateModified":"2025-08-30T22:22:30+00:00","description":"Contactez Solution PRO 68 pour un devis gratuit et rapide dans le Haut-Rhin. Nos experts en r\u00e9novation et d\u00e9pannage sont \u00e0 votre \u00e9coute.","breadcrumb":{"@id":"https:\/\/solutionpro68.fr\/?page_id=10#breadcrumb"},"inLanguage":"fr-FR","potentialAction":[{"@type":"ReadAction","target":["https:\/\/solutionpro68.fr\/?page_id=10"]}]},{"@type":"ImageObject","inLanguage":"fr-FR","@id":"https:\/\/solutionpro68.fr\/?page_id=10#primaryimage","url":"https:\/\/solutionpro68.fr\/wp-content\/uploads\/2025\/08\/Capture-decran-2025-08-27-a-20.59.25.png","contentUrl":"https:\/\/solutionpro68.fr\/wp-content\/uploads\/2025\/08\/Capture-decran-2025-08-27-a-20.59.25.png","width":1354,"height":1008},{"@type":"BreadcrumbList","@id":"https:\/\/solutionpro68.fr\/?page_id=10#breadcrumb","itemListElement":[{"@type":"ListItem","position":1,"name":"Accueil","item":"https:\/\/solutionpro68.fr\/"},{"@type":"ListItem","position":2,"name":"Contact"}]},{"@type":"WebSite","@id":"https:\/\/solutionpro68.fr\/#website","url":"https:\/\/solutionpro68.fr\/","name":"Solution PRO 68","description":"A chaque id\u00e9e sa solution","potentialAction":[{"@type":"SearchAction","target":{"@type":"EntryPoint","urlTemplate":"https:\/\/solutionpro68.fr\/?s={search_term_string}"},"query-input":{"@type":"PropertyValueSpecification","valueRequired":true,"valueName":"search_term_string"}}],"inLanguage":"fr-FR"}]}},"_links":{"self":[{"href":"https:\/\/solutionpro68.fr\/index.php?rest_route=\/wp\/v2\/pages\/10","targetHints":{"allow":["GET"]}}],"collection":[{"href":"https:\/\/solutionpro68.fr\/index.php?rest_route=\/wp\/v2\/pages"}],"about":[{"href":"https:\/\/solutionpro68.fr\/index.php?rest_route=\/wp\/v2\/types\/page"}],"author":[{"embeddable":true,"href":"https:\/\/solutionpro68.fr\/index.php?rest_route=\/wp\/v2\/users\/1"}],"replies":[{"embeddable":true,"href":"https:\/\/solutionpro68.fr\/index.php?rest_route=%2Fwp%2Fv2%2Fcomments&post=10"}],"version-history":[{"count":8,"href":"https:\/\/solutionpro68.fr\/index.php?rest_route=\/wp\/v2\/pages\/10\/revisions"}],"predecessor-version":[{"id":183,"href":"https:\/\/solutionpro68.fr\/index.php?rest_route=\/wp\/v2\/pages\/10\/revisions\/183"}],"wp:attachment":[{"href":"https:\/\/solutionpro68.fr\/index.php?rest_route=%2Fwp%2Fv2%2Fmedia&parent=10"}],"curies":[{"name":"wp","href":"https:\/\/api.w.org\/{rel}","templated":true}]}}